{"id":1202,"date":"2026-03-25T13:53:09","date_gmt":"2026-03-25T13:53:09","guid":{"rendered":"https:\/\/mccustom.fr\/?post_type=product&#038;p=1202"},"modified":"2026-03-25T13:53:09","modified_gmt":"2026-03-25T13:53:09","slug":"chaussettes-paillettes-vertes-belle-fille-ideale-paquerettes","status":"publish","type":"product","link":"https:\/\/mccustom.fr\/index.php\/produit\/chaussettes-paillettes-vertes-belle-fille-ideale-paquerettes\/","title":{"rendered":"Chaussettes paillettes vertes \u2013 Belle-fille id\u00e9ale (P\u00e2querettes)"},"content":{"rendered":"<h2 data-section-id=\"4unpy9\" data-start=\"136\" data-end=\"191\">\u2728 Chaussettes paillettes vertes \u201cBelle-fille id\u00e9ale\u201d<\/h2>\n<p data-start=\"193\" data-end=\"368\">Apporte une touche fra\u00eeche, florale et pleine de douceur \u00e0 ton style avec nos chaussettes paillettes vertes d\u00e9cor\u00e9es de p\u00e2querettes et avec l\u2019inscription \u201cBelle-fille id\u00e9ale\u201d.<\/p>\n<p data-start=\"370\" data-end=\"550\">Confortables et extensibles, elles s\u2019adaptent parfaitement aux tailles 36 \u00e0 42. Leur effet paillet\u00e9 associ\u00e9 aux motifs fleuris donne un look \u00e0 la fois \u00e9l\u00e9gant, naturel et tendance.<\/p>\n<hr data-start=\"552\" data-end=\"555\" \/>\n<h2 data-section-id=\"pzgkiu\" data-start=\"557\" data-end=\"579\">\ud83e\uddf5 Caract\u00e9ristiques<\/h2>\n<p data-start=\"581\" data-end=\"793\">\u2022 Taille : 36-42 (taille unique extensible)<br data-start=\"624\" data-end=\"627\" \/>\u2022 Couleur : Vert paillet\u00e9<br data-start=\"652\" data-end=\"655\" \/>\u2022 Motif : P\u00e2querettes<br data-start=\"676\" data-end=\"679\" \/>\u2022 Inscription : Belle-fille id\u00e9ale<br data-start=\"713\" data-end=\"716\" \/>\u2022 Mati\u00e8re douce et confortable<br data-start=\"746\" data-end=\"749\" \/>\u2022 Effet brillant \u00e9l\u00e9gant<br data-start=\"773\" data-end=\"776\" \/>\u2022 Coupe ajust\u00e9e<\/p>\n<hr data-start=\"795\" data-end=\"798\" \/>\n<h2 data-section-id=\"1ncpy06\" data-start=\"800\" data-end=\"829\">\ud83c\udf3c Pourquoi on les adore ?<\/h2>\n<p data-start=\"831\" data-end=\"985\">\u2022 Style floral doux et tendance<br data-start=\"862\" data-end=\"865\" \/>\u2022 Message affectif et valorisant<br data-start=\"897\" data-end=\"900\" \/>\u2022 Effet paillet\u00e9 lumineux<br data-start=\"925\" data-end=\"928\" \/>\u2022 Confort au quotidien<br data-start=\"950\" data-end=\"953\" \/>\u2022 Style unique sign\u00e9 MC CUSTOM<\/p>\n<hr data-start=\"987\" data-end=\"990\" \/>\n<h2 data-section-id=\"14u3r4i\" data-start=\"992\" data-end=\"1018\">\ud83c\udf81 Id\u00e9e cadeau parfaite<\/h2>\n<p data-start=\"1020\" data-end=\"1087\">Ces chaussettes paillettes \u201cBelle-fille id\u00e9ale\u201d sont id\u00e9ales pour :<\/p>\n<p data-start=\"1089\" data-end=\"1212\">\u2022 Cadeau familial<br data-start=\"1106\" data-end=\"1109\" \/>\u2022 Anniversaire<br data-start=\"1123\" data-end=\"1126\" \/>\u2022 F\u00eate sp\u00e9ciale<br data-start=\"1141\" data-end=\"1144\" \/>\u2022 Petite attention pleine d\u2019amour<br data-start=\"1177\" data-end=\"1180\" \/>\u2022 Accessoire styl\u00e9 et original<\/p>\n<hr data-start=\"1214\" data-end=\"1217\" \/>\n<h2 data-section-id=\"109shf1\" data-start=\"1219\" data-end=\"1247\">\ud83d\udce6 Informations pratiques<\/h2>\n<p data-start=\"1249\" data-end=\"1379\">\u2022 Lavage conseill\u00e9 \u00e0 30\u00b0<br data-start=\"1273\" data-end=\"1276\" \/>\u2022 Ne pas s\u00e9cher au s\u00e8che-linge<br data-start=\"1306\" data-end=\"1309\" \/>\u2022 Ne pas repasser directement sur l\u2019inscription<br data-start=\"1356\" data-end=\"1359\" \/>\u2022 Livraison rapide<\/p>\n","protected":false},"excerpt":{"rendered":"<p>Chaussettes femme paillet\u00e9es vertes avec p\u00e2querettes et inscription \u201cBelle-fille id\u00e9ale\u201d.<br data-start=\"1514\" data-end=\"1517\" \/>Taille unique 36-42. Confortables, brillantes et pleines de douceur.<\/p>\n","protected":false},"featured_media":387,"comment_status":"open","ping_status":"closed","template":"","meta":[],"product_brand":[],"product_cat":[19,20],"product_tag":[],"class_list":{"0":"post-1202","1":"product","2":"type-product","3":"status-publish","4":"has-post-thumbnail","6":"product_cat-chaussettes-paillettes-femme","7":"product_cat-femmme","9":"first","10":"instock","11":"shipping-taxable","12":"purchasable","13":"product-type-simple"},"yoast_head":"<!-- This site is optimized with the Yoast SEO plugin v27.2 - https:\/\/yoast.com\/product\/yoast-seo-wordpress\/ -->\n<title>Chaussettes paillettes vertes \u2013 Belle-fille id\u00e9ale (P\u00e2querettes) - Mc Custom<\/title>\n<meta name=\"robots\" content=\"index, follow, max-snippet:-1, max-image-preview:large, max-video-preview:-1\" \/>\n<link rel=\"canonical\" href=\"https:\/\/mccustom.fr\/index.php\/produit\/chaussettes-paillettes-vertes-belle-fille-ideale-paquerettes\/\" \/>\n<meta property=\"og:locale\" content=\"fr_FR\" \/>\n<meta property=\"og:type\" content=\"article\" \/>\n<meta property=\"og:title\" content=\"Chaussettes paillettes vertes \u2013 Belle-fille id\u00e9ale (P\u00e2querettes) - Mc Custom\" \/>\n<meta property=\"og:description\" content=\"Chaussettes femme paillet\u00e9es vertes avec p\u00e2querettes et inscription \u201cBelle-fille id\u00e9ale\u201d.Taille unique 36-42. Confortables, brillantes et pleines de douceur.\" \/>\n<meta property=\"og:url\" content=\"https:\/\/mccustom.fr\/index.php\/produit\/chaussettes-paillettes-vertes-belle-fille-ideale-paquerettes\/\" \/>\n<meta property=\"og:site_name\" content=\"Mc Custom\" \/>\n<meta property=\"article:publisher\" content=\"https:\/\/www.facebook.com\/profile.php?id=100064707759336\" \/>\n<meta property=\"og:image\" content=\"https:\/\/mccustom.fr\/wp-content\/uploads\/2026\/02\/image00139.jpeg\" \/>\n\t<meta property=\"og:image:width\" content=\"250\" \/>\n\t<meta property=\"og:image:height\" content=\"250\" \/>\n\t<meta property=\"og:image:type\" content=\"image\/jpeg\" \/>\n<meta name=\"twitter:card\" content=\"summary_large_image\" \/>\n<meta name=\"twitter:label1\" content=\"Dur\u00e9e de lecture estim\u00e9e\" \/>\n\t<meta name=\"twitter:data1\" content=\"1 minute\" \/>\n<script type=\"application\/ld+json\" class=\"yoast-schema-graph\">{\"@context\":\"https:\/\/schema.org\",\"@graph\":[{\"@type\":\"WebPage\",\"@id\":\"https:\/\/mccustom.fr\/index.php\/produit\/chaussettes-paillettes-vertes-belle-fille-ideale-paquerettes\/\",\"url\":\"https:\/\/mccustom.fr\/index.php\/produit\/chaussettes-paillettes-vertes-belle-fille-ideale-paquerettes\/\",\"name\":\"Chaussettes paillettes vertes \u2013 Belle-fille id\u00e9ale (P\u00e2querettes) - Mc Custom\",\"isPartOf\":{\"@id\":\"https:\/\/mccustom.fr\/#website\"},\"primaryImageOfPage\":{\"@id\":\"https:\/\/mccustom.fr\/index.php\/produit\/chaussettes-paillettes-vertes-belle-fille-ideale-paquerettes\/#primaryimage\"},\"image\":{\"@id\":\"https:\/\/mccustom.fr\/index.php\/produit\/chaussettes-paillettes-vertes-belle-fille-ideale-paquerettes\/#primaryimage\"},\"thumbnailUrl\":\"https:\/\/mccustom.fr\/wp-content\/uploads\/2026\/02\/image00139.jpeg\",\"datePublished\":\"2026-03-25T13:53:09+00:00\",\"breadcrumb\":{\"@id\":\"https:\/\/mccustom.fr\/index.php\/produit\/chaussettes-paillettes-vertes-belle-fille-ideale-paquerettes\/#breadcrumb\"},\"inLanguage\":\"fr-FR\",\"potentialAction\":[{\"@type\":\"ReadAction\",\"target\":[\"https:\/\/mccustom.fr\/index.php\/produit\/chaussettes-paillettes-vertes-belle-fille-ideale-paquerettes\/\"]}]},{\"@type\":\"ImageObject\",\"inLanguage\":\"fr-FR\",\"@id\":\"https:\/\/mccustom.fr\/index.php\/produit\/chaussettes-paillettes-vertes-belle-fille-ideale-paquerettes\/#primaryimage\",\"url\":\"https:\/\/mccustom.fr\/wp-content\/uploads\/2026\/02\/image00139.jpeg\",\"contentUrl\":\"https:\/\/mccustom.fr\/wp-content\/uploads\/2026\/02\/image00139.jpeg\",\"width\":250,\"height\":250},{\"@type\":\"BreadcrumbList\",\"@id\":\"https:\/\/mccustom.fr\/index.php\/produit\/chaussettes-paillettes-vertes-belle-fille-ideale-paquerettes\/#breadcrumb\",\"itemListElement\":[{\"@type\":\"ListItem\",\"position\":1,\"name\":\"Accueil\",\"item\":\"https:\/\/mccustom.fr\/\"},{\"@type\":\"ListItem\",\"position\":2,\"name\":\"Boutique\",\"item\":\"https:\/\/mccustom.fr\/index.php\/boutique\/\"},{\"@type\":\"ListItem\",\"position\":3,\"name\":\"Chaussettes paillettes vertes \u2013 Belle-fille id\u00e9ale (P\u00e2querettes)\"}]},{\"@type\":\"WebSite\",\"@id\":\"https:\/\/mccustom.fr\/#website\",\"url\":\"https:\/\/mccustom.fr\/\",\"name\":\"Mc Custom\",\"description\":\"Personnalise sans limite\",\"publisher\":{\"@id\":\"https:\/\/mccustom.fr\/#organization\"},\"potentialAction\":[{\"@type\":\"SearchAction\",\"target\":{\"@type\":\"EntryPoint\",\"urlTemplate\":\"https:\/\/mccustom.fr\/?s={search_term_string}\"},\"query-input\":{\"@type\":\"PropertyValueSpecification\",\"valueRequired\":true,\"valueName\":\"search_term_string\"}}],\"inLanguage\":\"fr-FR\"},{\"@type\":\"Organization\",\"@id\":\"https:\/\/mccustom.fr\/#organization\",\"name\":\"Mc Custom\",\"url\":\"https:\/\/mccustom.fr\/\",\"logo\":{\"@type\":\"ImageObject\",\"inLanguage\":\"fr-FR\",\"@id\":\"https:\/\/mccustom.fr\/#\/schema\/logo\/image\/\",\"url\":\"https:\/\/mccustom.fr\/wp-content\/uploads\/2026\/02\/LOGO-21-e1771430209976.jpg\",\"contentUrl\":\"https:\/\/mccustom.fr\/wp-content\/uploads\/2026\/02\/LOGO-21-e1771430209976.jpg\",\"width\":1904,\"height\":1613,\"caption\":\"Mc Custom\"},\"image\":{\"@id\":\"https:\/\/mccustom.fr\/#\/schema\/logo\/image\/\"},\"sameAs\":[\"https:\/\/www.facebook.com\/profile.php?id=100064707759336\",\"https:\/\/www.instagram.com\/Mccust0m\",\"https:\/\/www.tiktok.com\/@mccustom59\",\"https:\/\/linktr.ee\/mccustom\"]}]}<\/script>\n<!-- \/ Yoast SEO plugin. -->","yoast_head_json":{"title":"Chaussettes paillettes vertes \u2013 Belle-fille id\u00e9ale (P\u00e2querettes) - Mc Custom","robots":{"index":"index","follow":"follow","max-snippet":"max-snippet:-1","max-image-preview":"max-image-preview:large","max-video-preview":"max-video-preview:-1"},"canonical":"https:\/\/mccustom.fr\/index.php\/produit\/chaussettes-paillettes-vertes-belle-fille-ideale-paquerettes\/","og_locale":"fr_FR","og_type":"article","og_title":"Chaussettes paillettes vertes \u2013 Belle-fille id\u00e9ale (P\u00e2querettes) - Mc Custom","og_description":"Chaussettes femme paillet\u00e9es vertes avec p\u00e2querettes et inscription \u201cBelle-fille id\u00e9ale\u201d.Taille unique 36-42. Confortables, brillantes et pleines de douceur.","og_url":"https:\/\/mccustom.fr\/index.php\/produit\/chaussettes-paillettes-vertes-belle-fille-ideale-paquerettes\/","og_site_name":"Mc Custom","article_publisher":"https:\/\/www.facebook.com\/profile.php?id=100064707759336","og_image":[{"width":250,"height":250,"url":"https:\/\/mccustom.fr\/wp-content\/uploads\/2026\/02\/image00139.jpeg","type":"image\/jpeg"}],"twitter_card":"summary_large_image","twitter_misc":{"Dur\u00e9e de lecture estim\u00e9e":"1 minute"},"schema":{"@context":"https:\/\/schema.org","@graph":[{"@type":"WebPage","@id":"https:\/\/mccustom.fr\/index.php\/produit\/chaussettes-paillettes-vertes-belle-fille-ideale-paquerettes\/","url":"https:\/\/mccustom.fr\/index.php\/produit\/chaussettes-paillettes-vertes-belle-fille-ideale-paquerettes\/","name":"Chaussettes paillettes vertes \u2013 Belle-fille id\u00e9ale (P\u00e2querettes) - Mc Custom","isPartOf":{"@id":"https:\/\/mccustom.fr\/#website"},"primaryImageOfPage":{"@id":"https:\/\/mccustom.fr\/index.php\/produit\/chaussettes-paillettes-vertes-belle-fille-ideale-paquerettes\/#primaryimage"},"image":{"@id":"https:\/\/mccustom.fr\/index.php\/produit\/chaussettes-paillettes-vertes-belle-fille-ideale-paquerettes\/#primaryimage"},"thumbnailUrl":"https:\/\/mccustom.fr\/wp-content\/uploads\/2026\/02\/image00139.jpeg","datePublished":"2026-03-25T13:53:09+00:00","breadcrumb":{"@id":"https:\/\/mccustom.fr\/index.php\/produit\/chaussettes-paillettes-vertes-belle-fille-ideale-paquerettes\/#breadcrumb"},"inLanguage":"fr-FR","potentialAction":[{"@type":"ReadAction","target":["https:\/\/mccustom.fr\/index.php\/produit\/chaussettes-paillettes-vertes-belle-fille-ideale-paquerettes\/"]}]},{"@type":"ImageObject","inLanguage":"fr-FR","@id":"https:\/\/mccustom.fr\/index.php\/produit\/chaussettes-paillettes-vertes-belle-fille-ideale-paquerettes\/#primaryimage","url":"https:\/\/mccustom.fr\/wp-content\/uploads\/2026\/02\/image00139.jpeg","contentUrl":"https:\/\/mccustom.fr\/wp-content\/uploads\/2026\/02\/image00139.jpeg","width":250,"height":250},{"@type":"BreadcrumbList","@id":"https:\/\/mccustom.fr\/index.php\/produit\/chaussettes-paillettes-vertes-belle-fille-ideale-paquerettes\/#breadcrumb","itemListElement":[{"@type":"ListItem","position":1,"name":"Accueil","item":"https:\/\/mccustom.fr\/"},{"@type":"ListItem","position":2,"name":"Boutique","item":"https:\/\/mccustom.fr\/index.php\/boutique\/"},{"@type":"ListItem","position":3,"name":"Chaussettes paillettes vertes \u2013 Belle-fille id\u00e9ale (P\u00e2querettes)"}]},{"@type":"WebSite","@id":"https:\/\/mccustom.fr\/#website","url":"https:\/\/mccustom.fr\/","name":"Mc Custom","description":"Personnalise sans limite","publisher":{"@id":"https:\/\/mccustom.fr\/#organization"},"potentialAction":[{"@type":"SearchAction","target":{"@type":"EntryPoint","urlTemplate":"https:\/\/mccustom.fr\/?s={search_term_string}"},"query-input":{"@type":"PropertyValueSpecification","valueRequired":true,"valueName":"search_term_string"}}],"inLanguage":"fr-FR"},{"@type":"Organization","@id":"https:\/\/mccustom.fr\/#organization","name":"Mc Custom","url":"https:\/\/mccustom.fr\/","logo":{"@type":"ImageObject","inLanguage":"fr-FR","@id":"https:\/\/mccustom.fr\/#\/schema\/logo\/image\/","url":"https:\/\/mccustom.fr\/wp-content\/uploads\/2026\/02\/LOGO-21-e1771430209976.jpg","contentUrl":"https:\/\/mccustom.fr\/wp-content\/uploads\/2026\/02\/LOGO-21-e1771430209976.jpg","width":1904,"height":1613,"caption":"Mc Custom"},"image":{"@id":"https:\/\/mccustom.fr\/#\/schema\/logo\/image\/"},"sameAs":["https:\/\/www.facebook.com\/profile.php?id=100064707759336","https:\/\/www.instagram.com\/Mccust0m","https:\/\/www.tiktok.com\/@mccustom59","https:\/\/linktr.ee\/mccustom"]}]}},"_links":{"self":[{"href":"https:\/\/mccustom.fr\/index.php\/wp-json\/wp\/v2\/product\/1202","targetHints":{"allow":["GET"]}}],"collection":[{"href":"https:\/\/mccustom.fr\/index.php\/wp-json\/wp\/v2\/product"}],"about":[{"href":"https:\/\/mccustom.fr\/index.php\/wp-json\/wp\/v2\/types\/product"}],"replies":[{"embeddable":true,"href":"https:\/\/mccustom.fr\/index.php\/wp-json\/wp\/v2\/comments?post=1202"}],"wp:featuredmedia":[{"embeddable":true,"href":"https:\/\/mccustom.fr\/index.php\/wp-json\/wp\/v2\/media\/387"}],"wp:attachment":[{"href":"https:\/\/mccustom.fr\/index.php\/wp-json\/wp\/v2\/media?parent=1202"}],"wp:term":[{"taxonomy":"product_brand","embeddable":true,"href":"https:\/\/mccustom.fr\/index.php\/wp-json\/wp\/v2\/product_brand?post=1202"},{"taxonomy":"product_cat","embeddable":true,"href":"https:\/\/mccustom.fr\/index.php\/wp-json\/wp\/v2\/product_cat?post=1202"},{"taxonomy":"product_tag","embeddable":true,"href":"https:\/\/mccustom.fr\/index.php\/wp-json\/wp\/v2\/product_tag?post=1202"}],"curies":[{"name":"wp","href":"https:\/\/api.w.org\/{rel}","templated":true}]}}