{"id":1225,"date":"2026-03-25T15:06:46","date_gmt":"2026-03-25T15:06:46","guid":{"rendered":"https:\/\/mccustom.fr\/?post_type=product&#038;p=1225"},"modified":"2026-03-25T15:07:10","modified_gmt":"2026-03-25T15:07:10","slug":"chaussettes-paillettes-bleues-zero-defaut","status":"publish","type":"product","link":"https:\/\/mccustom.fr\/index.php\/produit\/chaussettes-paillettes-bleues-zero-defaut\/","title":{"rendered":"Chaussettes paillettes bleues \u2013 Z\u00e9ro d\u00e9faut"},"content":{"rendered":"<h2 data-section-id=\"1qihfmu\" data-start=\"115\" data-end=\"163\">\u2728 Chaussettes paillettes bleues \u201cZ\u00e9ro d\u00e9faut\u201d<\/h2>\n<p data-start=\"165\" data-end=\"273\">Affirme ton style avec confiance gr\u00e2ce \u00e0 nos chaussettes paillettes bleues avec l\u2019inscription \u201cZ\u00e9ro d\u00e9faut\u201d.<\/p>\n<p data-start=\"275\" data-end=\"464\">Confortables et extensibles, elles s\u2019adaptent parfaitement aux tailles 36 \u00e0 42. Leur couleur bleue paillet\u00e9e apporte une touche lumineuse et moderne, id\u00e9ale pour un look tendance et assum\u00e9.<\/p>\n<hr data-start=\"466\" data-end=\"469\" \/>\n<h2 data-section-id=\"pzgkiu\" data-start=\"471\" data-end=\"493\">\ud83e\uddf5 Caract\u00e9ristiques<\/h2>\n<p data-start=\"495\" data-end=\"676\">\u2022 Taille : 36-42 (taille unique extensible)<br data-start=\"538\" data-end=\"541\" \/>\u2022 Couleur : Bleu paillet\u00e9<br data-start=\"566\" data-end=\"569\" \/>\u2022 Inscription : Z\u00e9ro d\u00e9faut<br data-start=\"596\" data-end=\"599\" \/>\u2022 Mati\u00e8re douce et confortable<br data-start=\"629\" data-end=\"632\" \/>\u2022 Effet brillant \u00e9l\u00e9gant<br data-start=\"656\" data-end=\"659\" \/>\u2022 Coupe ajust\u00e9e<\/p>\n<hr data-start=\"678\" data-end=\"681\" \/>\n<h2 data-section-id=\"16ul482\" data-start=\"683\" data-end=\"712\">\ud83d\udc99 Pourquoi on les adore ?<\/h2>\n<p data-start=\"714\" data-end=\"883\">\u2022 Message affirm\u00e9 et valorisant<br data-start=\"745\" data-end=\"748\" \/>\u2022 Style moderne et lumineux<br data-start=\"775\" data-end=\"778\" \/>\u2022 Confort au quotidien<br data-start=\"800\" data-end=\"803\" \/>\u2022 Facile \u00e0 associer<br data-start=\"822\" data-end=\"825\" \/>\u2022 Id\u00e9e cadeau originale<br data-start=\"848\" data-end=\"851\" \/>\u2022 Style unique sign\u00e9 MC CUSTOM<\/p>\n<hr data-start=\"885\" data-end=\"888\" \/>\n<h2 data-section-id=\"14u3r4i\" data-start=\"890\" data-end=\"916\">\ud83c\udf81 Id\u00e9e cadeau parfaite<\/h2>\n<p data-start=\"918\" data-end=\"985\">Ces chaussettes paillettes bleues \u201cZ\u00e9ro d\u00e9faut\u201d sont id\u00e9ales pour :<\/p>\n<p data-start=\"987\" data-end=\"1115\">\u2022 Cadeau entre amies<br data-start=\"1007\" data-end=\"1010\" \/>\u2022 Anniversaire<br data-start=\"1024\" data-end=\"1027\" \/>\u2022 Cadeau fun et assum\u00e9<br data-start=\"1049\" data-end=\"1052\" \/>\u2022 Petite attention originale<br data-start=\"1080\" data-end=\"1083\" \/>\u2022 Accessoire styl\u00e9 et confiant<\/p>\n<hr data-start=\"1117\" data-end=\"1120\" \/>\n<h2 data-section-id=\"109shf1\" data-start=\"1122\" data-end=\"1150\">\ud83d\udce6 Informations pratiques<\/h2>\n<p data-start=\"1152\" data-end=\"1282\">\u2022 Lavage conseill\u00e9 \u00e0 30\u00b0<br data-start=\"1176\" data-end=\"1179\" \/>\u2022 Ne pas s\u00e9cher au s\u00e8che-linge<br data-start=\"1209\" data-end=\"1212\" \/>\u2022 Ne pas repasser directement sur l\u2019inscription<br data-start=\"1259\" data-end=\"1262\" \/>\u2022 Livraison rapide<\/p>\n","protected":false},"excerpt":{"rendered":"<h2 data-section-id=\"1qihfmu\" data-start=\"115\" data-end=\"163\">\u2728 Chaussettes paillettes bleues \u201cZ\u00e9ro d\u00e9faut\u201d<\/h2>\n<p data-start=\"165\" data-end=\"273\">Affirme ton style avec confiance gr\u00e2ce \u00e0 nos chaussettes paillettes bleues avec l\u2019inscription \u201cZ\u00e9ro d\u00e9faut\u201d.<\/p>\n<p data-start=\"275\" data-end=\"464\">Confortables et extensibles, elles s\u2019adaptent parfaitement aux tailles 36 \u00e0 42. Leur couleur bleue paillet\u00e9e apporte une touche lumineuse et moderne, id\u00e9ale pour un look tendance et assum\u00e9.<\/p>\n<hr data-start=\"466\" data-end=\"469\" \/>\n<h2 data-section-id=\"pzgkiu\" data-start=\"471\" data-end=\"493\">\ud83e\uddf5 Caract\u00e9ristiques<\/h2>\n<p data-start=\"495\" data-end=\"676\">\u2022 Taille : 36-42 (taille unique extensible)<br data-start=\"538\" data-end=\"541\" \/>\u2022 Couleur : Bleu paillet\u00e9<br data-start=\"566\" data-end=\"569\" \/>\u2022 Inscription : Z\u00e9ro d\u00e9faut<br data-start=\"596\" data-end=\"599\" \/>\u2022 Mati\u00e8re douce et confortable<br data-start=\"629\" data-end=\"632\" \/>\u2022 Effet brillant \u00e9l\u00e9gant<br data-start=\"656\" data-end=\"659\" \/>\u2022 Coupe ajust\u00e9e<\/p>\n<hr data-start=\"678\" data-end=\"681\" \/>\n<h2 data-section-id=\"16ul482\" data-start=\"683\" data-end=\"712\">\ud83d\udc99 Pourquoi on les adore ?<\/h2>\n<p data-start=\"714\" data-end=\"883\">\u2022 Message affirm\u00e9 et valorisant<br data-start=\"745\" data-end=\"748\" \/>\u2022 Style moderne et lumineux<br data-start=\"775\" data-end=\"778\" \/>\u2022 Confort au quotidien<br data-start=\"800\" data-end=\"803\" \/>\u2022 Facile \u00e0 associer<br data-start=\"822\" data-end=\"825\" \/>\u2022 Id\u00e9e cadeau originale<br data-start=\"848\" data-end=\"851\" \/>\u2022 Style unique sign\u00e9 MC CUSTOM<\/p>\n<hr data-start=\"885\" data-end=\"888\" \/>\n<h2 data-section-id=\"14u3r4i\" data-start=\"890\" data-end=\"916\">\ud83c\udf81 Id\u00e9e cadeau parfaite<\/h2>\n<p data-start=\"918\" data-end=\"985\">Ces chaussettes paillettes bleues \u201cZ\u00e9ro d\u00e9faut\u201d sont id\u00e9ales pour :<\/p>\n<p data-start=\"987\" data-end=\"1115\">\u2022 Cadeau entre amies<br data-start=\"1007\" data-end=\"1010\" \/>\u2022 Anniversaire<br data-start=\"1024\" data-end=\"1027\" \/>\u2022 Cadeau fun et assum\u00e9<br data-start=\"1049\" data-end=\"1052\" \/>\u2022 Petite attention originale<br data-start=\"1080\" data-end=\"1083\" \/>\u2022 Accessoire styl\u00e9 et confiant<\/p>\n<hr data-start=\"1117\" data-end=\"1120\" \/>\n<h2 data-section-id=\"109shf1\" data-start=\"1122\" data-end=\"1150\">\ud83d\udce6 Informations pratiques<\/h2>\n<p data-start=\"1152\" data-end=\"1282\">\u2022 Lavage conseill\u00e9 \u00e0 30\u00b0<br data-start=\"1176\" data-end=\"1179\" \/>\u2022 Ne pas s\u00e9cher au s\u00e8che-linge<br data-start=\"1209\" data-end=\"1212\" \/>\u2022 Ne pas repasser directement sur l\u2019inscription<br data-start=\"1259\" data-end=\"1262\" \/>\u2022 Livraison rapide<\/p>\n","protected":false},"featured_media":429,"comment_status":"open","ping_status":"closed","template":"","meta":[],"product_brand":[],"product_cat":[19,20],"product_tag":[],"class_list":{"0":"post-1225","1":"product","2":"type-product","3":"status-publish","4":"has-post-thumbnail","6":"product_cat-chaussettes-paillettes-femme","7":"product_cat-femmme","9":"first","10":"instock","11":"shipping-taxable","12":"purchasable","13":"product-type-simple"},"yoast_head":"<!-- This site is optimized with the Yoast SEO plugin v27.2 - https:\/\/yoast.com\/product\/yoast-seo-wordpress\/ -->\n<title>Chaussettes paillettes bleues \u2013 Z\u00e9ro d\u00e9faut - Mc Custom<\/title>\n<meta name=\"robots\" content=\"index, follow, max-snippet:-1, max-image-preview:large, max-video-preview:-1\" \/>\n<link rel=\"canonical\" href=\"https:\/\/mccustom.fr\/index.php\/produit\/chaussettes-paillettes-bleues-zero-defaut\/\" \/>\n<meta property=\"og:locale\" content=\"fr_FR\" \/>\n<meta property=\"og:type\" content=\"article\" \/>\n<meta property=\"og:title\" content=\"Chaussettes paillettes bleues \u2013 Z\u00e9ro d\u00e9faut - Mc Custom\" \/>\n<meta property=\"og:description\" content=\"\u2728 Chaussettes paillettes bleues \u201cZ\u00e9ro d\u00e9faut\u201d Affirme ton style avec confiance gr\u00e2ce \u00e0 nos chaussettes paillettes bleues avec l\u2019inscription \u201cZ\u00e9ro d\u00e9faut\u201d. Confortables et extensibles, elles s\u2019adaptent parfaitement aux tailles 36 \u00e0 42. Leur couleur bleue paillet\u00e9e apporte une touche lumineuse et moderne, id\u00e9ale pour un look tendance et assum\u00e9.     \ud83e\uddf5 Caract\u00e9ristiques \u2022 Taille : 36-42 (taille unique extensible)\u2022 Couleur : Bleu paillet\u00e9\u2022 Inscription : Z\u00e9ro d\u00e9faut\u2022 Mati\u00e8re douce et confortable\u2022 Effet brillant \u00e9l\u00e9gant\u2022 Coupe ajust\u00e9e     \ud83d\udc99 Pourquoi on les adore ? \u2022 Message affirm\u00e9 et valorisant\u2022 Style moderne et lumineux\u2022 Confort au quotidien\u2022 Facile \u00e0 associer\u2022 Id\u00e9e cadeau originale\u2022 Style unique sign\u00e9 MC CUSTOM     \ud83c\udf81 Id\u00e9e cadeau parfaite Ces chaussettes paillettes bleues \u201cZ\u00e9ro d\u00e9faut\u201d sont id\u00e9ales pour : \u2022 Cadeau entre amies\u2022 Anniversaire\u2022 Cadeau fun et assum\u00e9\u2022 Petite attention originale\u2022 Accessoire styl\u00e9 et confiant     \ud83d\udce6 Informations pratiques \u2022 Lavage conseill\u00e9 \u00e0 30\u00b0\u2022 Ne pas s\u00e9cher au s\u00e8che-linge\u2022 Ne pas repasser directement sur l\u2019inscription\u2022 Livraison rapide\" \/>\n<meta property=\"og:url\" content=\"https:\/\/mccustom.fr\/index.php\/produit\/chaussettes-paillettes-bleues-zero-defaut\/\" \/>\n<meta property=\"og:site_name\" content=\"Mc Custom\" \/>\n<meta property=\"article:publisher\" content=\"https:\/\/www.facebook.com\/profile.php?id=100064707759336\" \/>\n<meta property=\"article:modified_time\" content=\"2026-03-25T15:07:10+00:00\" \/>\n<meta property=\"og:image\" content=\"https:\/\/mccustom.fr\/wp-content\/uploads\/2026\/02\/image00181.jpeg\" \/>\n\t<meta property=\"og:image:width\" content=\"250\" \/>\n\t<meta property=\"og:image:height\" content=\"250\" \/>\n\t<meta property=\"og:image:type\" content=\"image\/jpeg\" \/>\n<meta name=\"twitter:card\" content=\"summary_large_image\" \/>\n<meta name=\"twitter:label1\" content=\"Dur\u00e9e de lecture estim\u00e9e\" \/>\n\t<meta name=\"twitter:data1\" content=\"1 minute\" \/>\n<script type=\"application\/ld+json\" class=\"yoast-schema-graph\">{\"@context\":\"https:\/\/schema.org\",\"@graph\":[{\"@type\":\"WebPage\",\"@id\":\"https:\/\/mccustom.fr\/index.php\/produit\/chaussettes-paillettes-bleues-zero-defaut\/\",\"url\":\"https:\/\/mccustom.fr\/index.php\/produit\/chaussettes-paillettes-bleues-zero-defaut\/\",\"name\":\"Chaussettes paillettes bleues \u2013 Z\u00e9ro d\u00e9faut - Mc Custom\",\"isPartOf\":{\"@id\":\"https:\/\/mccustom.fr\/#website\"},\"primaryImageOfPage\":{\"@id\":\"https:\/\/mccustom.fr\/index.php\/produit\/chaussettes-paillettes-bleues-zero-defaut\/#primaryimage\"},\"image\":{\"@id\":\"https:\/\/mccustom.fr\/index.php\/produit\/chaussettes-paillettes-bleues-zero-defaut\/#primaryimage\"},\"thumbnailUrl\":\"https:\/\/mccustom.fr\/wp-content\/uploads\/2026\/02\/image00181.jpeg\",\"datePublished\":\"2026-03-25T15:06:46+00:00\",\"dateModified\":\"2026-03-25T15:07:10+00:00\",\"breadcrumb\":{\"@id\":\"https:\/\/mccustom.fr\/index.php\/produit\/chaussettes-paillettes-bleues-zero-defaut\/#breadcrumb\"},\"inLanguage\":\"fr-FR\",\"potentialAction\":[{\"@type\":\"ReadAction\",\"target\":[\"https:\/\/mccustom.fr\/index.php\/produit\/chaussettes-paillettes-bleues-zero-defaut\/\"]}]},{\"@type\":\"ImageObject\",\"inLanguage\":\"fr-FR\",\"@id\":\"https:\/\/mccustom.fr\/index.php\/produit\/chaussettes-paillettes-bleues-zero-defaut\/#primaryimage\",\"url\":\"https:\/\/mccustom.fr\/wp-content\/uploads\/2026\/02\/image00181.jpeg\",\"contentUrl\":\"https:\/\/mccustom.fr\/wp-content\/uploads\/2026\/02\/image00181.jpeg\",\"width\":250,\"height\":250},{\"@type\":\"BreadcrumbList\",\"@id\":\"https:\/\/mccustom.fr\/index.php\/produit\/chaussettes-paillettes-bleues-zero-defaut\/#breadcrumb\",\"itemListElement\":[{\"@type\":\"ListItem\",\"position\":1,\"name\":\"Accueil\",\"item\":\"https:\/\/mccustom.fr\/\"},{\"@type\":\"ListItem\",\"position\":2,\"name\":\"Boutique\",\"item\":\"https:\/\/mccustom.fr\/index.php\/boutique\/\"},{\"@type\":\"ListItem\",\"position\":3,\"name\":\"Chaussettes paillettes bleues \u2013 Z\u00e9ro d\u00e9faut\"}]},{\"@type\":\"WebSite\",\"@id\":\"https:\/\/mccustom.fr\/#website\",\"url\":\"https:\/\/mccustom.fr\/\",\"name\":\"Mc Custom\",\"description\":\"Personnalise sans limite\",\"publisher\":{\"@id\":\"https:\/\/mccustom.fr\/#organization\"},\"potentialAction\":[{\"@type\":\"SearchAction\",\"target\":{\"@type\":\"EntryPoint\",\"urlTemplate\":\"https:\/\/mccustom.fr\/?s={search_term_string}\"},\"query-input\":{\"@type\":\"PropertyValueSpecification\",\"valueRequired\":true,\"valueName\":\"search_term_string\"}}],\"inLanguage\":\"fr-FR\"},{\"@type\":\"Organization\",\"@id\":\"https:\/\/mccustom.fr\/#organization\",\"name\":\"Mc Custom\",\"url\":\"https:\/\/mccustom.fr\/\",\"logo\":{\"@type\":\"ImageObject\",\"inLanguage\":\"fr-FR\",\"@id\":\"https:\/\/mccustom.fr\/#\/schema\/logo\/image\/\",\"url\":\"https:\/\/mccustom.fr\/wp-content\/uploads\/2026\/02\/LOGO-21-e1771430209976.jpg\",\"contentUrl\":\"https:\/\/mccustom.fr\/wp-content\/uploads\/2026\/02\/LOGO-21-e1771430209976.jpg\",\"width\":1904,\"height\":1613,\"caption\":\"Mc Custom\"},\"image\":{\"@id\":\"https:\/\/mccustom.fr\/#\/schema\/logo\/image\/\"},\"sameAs\":[\"https:\/\/www.facebook.com\/profile.php?id=100064707759336\",\"https:\/\/www.instagram.com\/Mccust0m\",\"https:\/\/www.tiktok.com\/@mccustom59\",\"https:\/\/linktr.ee\/mccustom\"]}]}<\/script>\n<!-- \/ Yoast SEO plugin. -->","yoast_head_json":{"title":"Chaussettes paillettes bleues \u2013 Z\u00e9ro d\u00e9faut - Mc Custom","robots":{"index":"index","follow":"follow","max-snippet":"max-snippet:-1","max-image-preview":"max-image-preview:large","max-video-preview":"max-video-preview:-1"},"canonical":"https:\/\/mccustom.fr\/index.php\/produit\/chaussettes-paillettes-bleues-zero-defaut\/","og_locale":"fr_FR","og_type":"article","og_title":"Chaussettes paillettes bleues \u2013 Z\u00e9ro d\u00e9faut - Mc Custom","og_description":"\u2728 Chaussettes paillettes bleues \u201cZ\u00e9ro d\u00e9faut\u201d Affirme ton style avec confiance gr\u00e2ce \u00e0 nos chaussettes paillettes bleues avec l\u2019inscription \u201cZ\u00e9ro d\u00e9faut\u201d. Confortables et extensibles, elles s\u2019adaptent parfaitement aux tailles 36 \u00e0 42. Leur couleur bleue paillet\u00e9e apporte une touche lumineuse et moderne, id\u00e9ale pour un look tendance et assum\u00e9.     \ud83e\uddf5 Caract\u00e9ristiques \u2022 Taille : 36-42 (taille unique extensible)\u2022 Couleur : Bleu paillet\u00e9\u2022 Inscription : Z\u00e9ro d\u00e9faut\u2022 Mati\u00e8re douce et confortable\u2022 Effet brillant \u00e9l\u00e9gant\u2022 Coupe ajust\u00e9e     \ud83d\udc99 Pourquoi on les adore ? \u2022 Message affirm\u00e9 et valorisant\u2022 Style moderne et lumineux\u2022 Confort au quotidien\u2022 Facile \u00e0 associer\u2022 Id\u00e9e cadeau originale\u2022 Style unique sign\u00e9 MC CUSTOM     \ud83c\udf81 Id\u00e9e cadeau parfaite Ces chaussettes paillettes bleues \u201cZ\u00e9ro d\u00e9faut\u201d sont id\u00e9ales pour : \u2022 Cadeau entre amies\u2022 Anniversaire\u2022 Cadeau fun et assum\u00e9\u2022 Petite attention originale\u2022 Accessoire styl\u00e9 et confiant     \ud83d\udce6 Informations pratiques \u2022 Lavage conseill\u00e9 \u00e0 30\u00b0\u2022 Ne pas s\u00e9cher au s\u00e8che-linge\u2022 Ne pas repasser directement sur l\u2019inscription\u2022 Livraison rapide","og_url":"https:\/\/mccustom.fr\/index.php\/produit\/chaussettes-paillettes-bleues-zero-defaut\/","og_site_name":"Mc Custom","article_publisher":"https:\/\/www.facebook.com\/profile.php?id=100064707759336","article_modified_time":"2026-03-25T15:07:10+00:00","og_image":[{"width":250,"height":250,"url":"https:\/\/mccustom.fr\/wp-content\/uploads\/2026\/02\/image00181.jpeg","type":"image\/jpeg"}],"twitter_card":"summary_large_image","twitter_misc":{"Dur\u00e9e de lecture estim\u00e9e":"1 minute"},"schema":{"@context":"https:\/\/schema.org","@graph":[{"@type":"WebPage","@id":"https:\/\/mccustom.fr\/index.php\/produit\/chaussettes-paillettes-bleues-zero-defaut\/","url":"https:\/\/mccustom.fr\/index.php\/produit\/chaussettes-paillettes-bleues-zero-defaut\/","name":"Chaussettes paillettes bleues \u2013 Z\u00e9ro d\u00e9faut - Mc Custom","isPartOf":{"@id":"https:\/\/mccustom.fr\/#website"},"primaryImageOfPage":{"@id":"https:\/\/mccustom.fr\/index.php\/produit\/chaussettes-paillettes-bleues-zero-defaut\/#primaryimage"},"image":{"@id":"https:\/\/mccustom.fr\/index.php\/produit\/chaussettes-paillettes-bleues-zero-defaut\/#primaryimage"},"thumbnailUrl":"https:\/\/mccustom.fr\/wp-content\/uploads\/2026\/02\/image00181.jpeg","datePublished":"2026-03-25T15:06:46+00:00","dateModified":"2026-03-25T15:07:10+00:00","breadcrumb":{"@id":"https:\/\/mccustom.fr\/index.php\/produit\/chaussettes-paillettes-bleues-zero-defaut\/#breadcrumb"},"inLanguage":"fr-FR","potentialAction":[{"@type":"ReadAction","target":["https:\/\/mccustom.fr\/index.php\/produit\/chaussettes-paillettes-bleues-zero-defaut\/"]}]},{"@type":"ImageObject","inLanguage":"fr-FR","@id":"https:\/\/mccustom.fr\/index.php\/produit\/chaussettes-paillettes-bleues-zero-defaut\/#primaryimage","url":"https:\/\/mccustom.fr\/wp-content\/uploads\/2026\/02\/image00181.jpeg","contentUrl":"https:\/\/mccustom.fr\/wp-content\/uploads\/2026\/02\/image00181.jpeg","width":250,"height":250},{"@type":"BreadcrumbList","@id":"https:\/\/mccustom.fr\/index.php\/produit\/chaussettes-paillettes-bleues-zero-defaut\/#breadcrumb","itemListElement":[{"@type":"ListItem","position":1,"name":"Accueil","item":"https:\/\/mccustom.fr\/"},{"@type":"ListItem","position":2,"name":"Boutique","item":"https:\/\/mccustom.fr\/index.php\/boutique\/"},{"@type":"ListItem","position":3,"name":"Chaussettes paillettes bleues \u2013 Z\u00e9ro d\u00e9faut"}]},{"@type":"WebSite","@id":"https:\/\/mccustom.fr\/#website","url":"https:\/\/mccustom.fr\/","name":"Mc Custom","description":"Personnalise sans limite","publisher":{"@id":"https:\/\/mccustom.fr\/#organization"},"potentialAction":[{"@type":"SearchAction","target":{"@type":"EntryPoint","urlTemplate":"https:\/\/mccustom.fr\/?s={search_term_string}"},"query-input":{"@type":"PropertyValueSpecification","valueRequired":true,"valueName":"search_term_string"}}],"inLanguage":"fr-FR"},{"@type":"Organization","@id":"https:\/\/mccustom.fr\/#organization","name":"Mc Custom","url":"https:\/\/mccustom.fr\/","logo":{"@type":"ImageObject","inLanguage":"fr-FR","@id":"https:\/\/mccustom.fr\/#\/schema\/logo\/image\/","url":"https:\/\/mccustom.fr\/wp-content\/uploads\/2026\/02\/LOGO-21-e1771430209976.jpg","contentUrl":"https:\/\/mccustom.fr\/wp-content\/uploads\/2026\/02\/LOGO-21-e1771430209976.jpg","width":1904,"height":1613,"caption":"Mc Custom"},"image":{"@id":"https:\/\/mccustom.fr\/#\/schema\/logo\/image\/"},"sameAs":["https:\/\/www.facebook.com\/profile.php?id=100064707759336","https:\/\/www.instagram.com\/Mccust0m","https:\/\/www.tiktok.com\/@mccustom59","https:\/\/linktr.ee\/mccustom"]}]}},"_links":{"self":[{"href":"https:\/\/mccustom.fr\/index.php\/wp-json\/wp\/v2\/product\/1225","targetHints":{"allow":["GET"]}}],"collection":[{"href":"https:\/\/mccustom.fr\/index.php\/wp-json\/wp\/v2\/product"}],"about":[{"href":"https:\/\/mccustom.fr\/index.php\/wp-json\/wp\/v2\/types\/product"}],"replies":[{"embeddable":true,"href":"https:\/\/mccustom.fr\/index.php\/wp-json\/wp\/v2\/comments?post=1225"}],"wp:featuredmedia":[{"embeddable":true,"href":"https:\/\/mccustom.fr\/index.php\/wp-json\/wp\/v2\/media\/429"}],"wp:attachment":[{"href":"https:\/\/mccustom.fr\/index.php\/wp-json\/wp\/v2\/media?parent=1225"}],"wp:term":[{"taxonomy":"product_brand","embeddable":true,"href":"https:\/\/mccustom.fr\/index.php\/wp-json\/wp\/v2\/product_brand?post=1225"},{"taxonomy":"product_cat","embeddable":true,"href":"https:\/\/mccustom.fr\/index.php\/wp-json\/wp\/v2\/product_cat?post=1225"},{"taxonomy":"product_tag","embeddable":true,"href":"https:\/\/mccustom.fr\/index.php\/wp-json\/wp\/v2\/product_tag?post=1225"}],"curies":[{"name":"wp","href":"https:\/\/api.w.org\/{rel}","templated":true}]}}