{"id":883,"date":"2026-03-12T16:31:02","date_gmt":"2026-03-12T16:31:02","guid":{"rendered":"https:\/\/mccustom.fr\/?post_type=product&#038;p=883"},"modified":"2026-03-12T16:31:02","modified_gmt":"2026-03-12T16:31:02","slug":"polo-club-adulte-personnalise","status":"publish","type":"product","link":"https:\/\/mccustom.fr\/index.php\/produit\/polo-club-adulte-personnalise\/","title":{"rendered":"Polo club adulte personnalis\u00e9"},"content":{"rendered":"<p data-start=\"991\" data-end=\"1091\">Polo confortable et \u00e9l\u00e9gant, parfait pour les d\u00e9placements, \u00e9v\u00e9nements et moments officiels du club.<\/p>\n<p data-start=\"1093\" data-end=\"1152\">Personnalisation possible avec pr\u00e9nom, num\u00e9ro ou initiales.<\/p>\n","protected":false},"excerpt":{"rendered":"<p>Polo adulte personnalis\u00e9 pour repr\u00e9senter le club B.B Santois.<\/p>\n","protected":false},"featured_media":850,"comment_status":"open","ping_status":"closed","template":"","meta":[],"product_brand":[],"product_cat":[18],"product_tag":[],"class_list":{"0":"post-883","1":"product","2":"type-product","3":"status-publish","4":"has-post-thumbnail","6":"product_cat-non-classe","8":"first","9":"instock","10":"shipping-taxable","11":"purchasable","12":"product-type-simple"},"yoast_head":"<!-- This site is optimized with the Yoast SEO plugin v27.2 - https:\/\/yoast.com\/product\/yoast-seo-wordpress\/ -->\n<title>Polo club adulte personnalis\u00e9 - Mc Custom<\/title>\n<meta name=\"robots\" content=\"index, follow, max-snippet:-1, max-image-preview:large, max-video-preview:-1\" \/>\n<link rel=\"canonical\" href=\"https:\/\/mccustom.fr\/index.php\/produit\/polo-club-adulte-personnalise\/\" \/>\n<meta property=\"og:locale\" content=\"fr_FR\" \/>\n<meta property=\"og:type\" content=\"article\" \/>\n<meta property=\"og:title\" content=\"Polo club adulte personnalis\u00e9 - Mc Custom\" \/>\n<meta property=\"og:description\" content=\"Polo adulte personnalis\u00e9 pour repr\u00e9senter le club B.B Santois.\" \/>\n<meta property=\"og:url\" content=\"https:\/\/mccustom.fr\/index.php\/produit\/polo-club-adulte-personnalise\/\" \/>\n<meta property=\"og:site_name\" content=\"Mc Custom\" \/>\n<meta property=\"article:publisher\" content=\"https:\/\/www.facebook.com\/profile.php?id=100064707759336\" \/>\n<meta property=\"og:image\" content=\"https:\/\/mccustom.fr\/wp-content\/uploads\/2026\/03\/F10.png\" \/>\n\t<meta property=\"og:image:width\" content=\"1200\" \/>\n\t<meta property=\"og:image:height\" content=\"1200\" \/>\n\t<meta property=\"og:image:type\" content=\"image\/png\" \/>\n<meta name=\"twitter:card\" content=\"summary_large_image\" \/>\n<script type=\"application\/ld+json\" class=\"yoast-schema-graph\">{\"@context\":\"https:\/\/schema.org\",\"@graph\":[{\"@type\":\"WebPage\",\"@id\":\"https:\/\/mccustom.fr\/index.php\/produit\/polo-club-adulte-personnalise\/\",\"url\":\"https:\/\/mccustom.fr\/index.php\/produit\/polo-club-adulte-personnalise\/\",\"name\":\"Polo club adulte personnalis\u00e9 - Mc Custom\",\"isPartOf\":{\"@id\":\"https:\/\/mccustom.fr\/#website\"},\"primaryImageOfPage\":{\"@id\":\"https:\/\/mccustom.fr\/index.php\/produit\/polo-club-adulte-personnalise\/#primaryimage\"},\"image\":{\"@id\":\"https:\/\/mccustom.fr\/index.php\/produit\/polo-club-adulte-personnalise\/#primaryimage\"},\"thumbnailUrl\":\"https:\/\/mccustom.fr\/wp-content\/uploads\/2026\/03\/F10.png\",\"datePublished\":\"2026-03-12T16:31:02+00:00\",\"breadcrumb\":{\"@id\":\"https:\/\/mccustom.fr\/index.php\/produit\/polo-club-adulte-personnalise\/#breadcrumb\"},\"inLanguage\":\"fr-FR\",\"potentialAction\":[{\"@type\":\"ReadAction\",\"target\":[\"https:\/\/mccustom.fr\/index.php\/produit\/polo-club-adulte-personnalise\/\"]}]},{\"@type\":\"ImageObject\",\"inLanguage\":\"fr-FR\",\"@id\":\"https:\/\/mccustom.fr\/index.php\/produit\/polo-club-adulte-personnalise\/#primaryimage\",\"url\":\"https:\/\/mccustom.fr\/wp-content\/uploads\/2026\/03\/F10.png\",\"contentUrl\":\"https:\/\/mccustom.fr\/wp-content\/uploads\/2026\/03\/F10.png\",\"width\":1200,\"height\":1200},{\"@type\":\"BreadcrumbList\",\"@id\":\"https:\/\/mccustom.fr\/index.php\/produit\/polo-club-adulte-personnalise\/#breadcrumb\",\"itemListElement\":[{\"@type\":\"ListItem\",\"position\":1,\"name\":\"Accueil\",\"item\":\"https:\/\/mccustom.fr\/\"},{\"@type\":\"ListItem\",\"position\":2,\"name\":\"Boutique\",\"item\":\"https:\/\/mccustom.fr\/index.php\/boutique\/\"},{\"@type\":\"ListItem\",\"position\":3,\"name\":\"Polo club adulte personnalis\u00e9\"}]},{\"@type\":\"WebSite\",\"@id\":\"https:\/\/mccustom.fr\/#website\",\"url\":\"https:\/\/mccustom.fr\/\",\"name\":\"Mc Custom\",\"description\":\"Personnalise sans limite\",\"publisher\":{\"@id\":\"https:\/\/mccustom.fr\/#organization\"},\"potentialAction\":[{\"@type\":\"SearchAction\",\"target\":{\"@type\":\"EntryPoint\",\"urlTemplate\":\"https:\/\/mccustom.fr\/?s={search_term_string}\"},\"query-input\":{\"@type\":\"PropertyValueSpecification\",\"valueRequired\":true,\"valueName\":\"search_term_string\"}}],\"inLanguage\":\"fr-FR\"},{\"@type\":\"Organization\",\"@id\":\"https:\/\/mccustom.fr\/#organization\",\"name\":\"Mc Custom\",\"url\":\"https:\/\/mccustom.fr\/\",\"logo\":{\"@type\":\"ImageObject\",\"inLanguage\":\"fr-FR\",\"@id\":\"https:\/\/mccustom.fr\/#\/schema\/logo\/image\/\",\"url\":\"https:\/\/mccustom.fr\/wp-content\/uploads\/2026\/02\/LOGO-21-e1771430209976.jpg\",\"contentUrl\":\"https:\/\/mccustom.fr\/wp-content\/uploads\/2026\/02\/LOGO-21-e1771430209976.jpg\",\"width\":1904,\"height\":1613,\"caption\":\"Mc Custom\"},\"image\":{\"@id\":\"https:\/\/mccustom.fr\/#\/schema\/logo\/image\/\"},\"sameAs\":[\"https:\/\/www.facebook.com\/profile.php?id=100064707759336\",\"https:\/\/www.instagram.com\/Mccust0m\",\"https:\/\/www.tiktok.com\/@mccustom59\",\"https:\/\/linktr.ee\/mccustom\"]}]}<\/script>\n<!-- \/ Yoast SEO plugin. -->","yoast_head_json":{"title":"Polo club adulte personnalis\u00e9 - Mc Custom","robots":{"index":"index","follow":"follow","max-snippet":"max-snippet:-1","max-image-preview":"max-image-preview:large","max-video-preview":"max-video-preview:-1"},"canonical":"https:\/\/mccustom.fr\/index.php\/produit\/polo-club-adulte-personnalise\/","og_locale":"fr_FR","og_type":"article","og_title":"Polo club adulte personnalis\u00e9 - Mc Custom","og_description":"Polo adulte personnalis\u00e9 pour repr\u00e9senter le club B.B Santois.","og_url":"https:\/\/mccustom.fr\/index.php\/produit\/polo-club-adulte-personnalise\/","og_site_name":"Mc Custom","article_publisher":"https:\/\/www.facebook.com\/profile.php?id=100064707759336","og_image":[{"width":1200,"height":1200,"url":"https:\/\/mccustom.fr\/wp-content\/uploads\/2026\/03\/F10.png","type":"image\/png"}],"twitter_card":"summary_large_image","schema":{"@context":"https:\/\/schema.org","@graph":[{"@type":"WebPage","@id":"https:\/\/mccustom.fr\/index.php\/produit\/polo-club-adulte-personnalise\/","url":"https:\/\/mccustom.fr\/index.php\/produit\/polo-club-adulte-personnalise\/","name":"Polo club adulte personnalis\u00e9 - Mc Custom","isPartOf":{"@id":"https:\/\/mccustom.fr\/#website"},"primaryImageOfPage":{"@id":"https:\/\/mccustom.fr\/index.php\/produit\/polo-club-adulte-personnalise\/#primaryimage"},"image":{"@id":"https:\/\/mccustom.fr\/index.php\/produit\/polo-club-adulte-personnalise\/#primaryimage"},"thumbnailUrl":"https:\/\/mccustom.fr\/wp-content\/uploads\/2026\/03\/F10.png","datePublished":"2026-03-12T16:31:02+00:00","breadcrumb":{"@id":"https:\/\/mccustom.fr\/index.php\/produit\/polo-club-adulte-personnalise\/#breadcrumb"},"inLanguage":"fr-FR","potentialAction":[{"@type":"ReadAction","target":["https:\/\/mccustom.fr\/index.php\/produit\/polo-club-adulte-personnalise\/"]}]},{"@type":"ImageObject","inLanguage":"fr-FR","@id":"https:\/\/mccustom.fr\/index.php\/produit\/polo-club-adulte-personnalise\/#primaryimage","url":"https:\/\/mccustom.fr\/wp-content\/uploads\/2026\/03\/F10.png","contentUrl":"https:\/\/mccustom.fr\/wp-content\/uploads\/2026\/03\/F10.png","width":1200,"height":1200},{"@type":"BreadcrumbList","@id":"https:\/\/mccustom.fr\/index.php\/produit\/polo-club-adulte-personnalise\/#breadcrumb","itemListElement":[{"@type":"ListItem","position":1,"name":"Accueil","item":"https:\/\/mccustom.fr\/"},{"@type":"ListItem","position":2,"name":"Boutique","item":"https:\/\/mccustom.fr\/index.php\/boutique\/"},{"@type":"ListItem","position":3,"name":"Polo club adulte personnalis\u00e9"}]},{"@type":"WebSite","@id":"https:\/\/mccustom.fr\/#website","url":"https:\/\/mccustom.fr\/","name":"Mc Custom","description":"Personnalise sans limite","publisher":{"@id":"https:\/\/mccustom.fr\/#organization"},"potentialAction":[{"@type":"SearchAction","target":{"@type":"EntryPoint","urlTemplate":"https:\/\/mccustom.fr\/?s={search_term_string}"},"query-input":{"@type":"PropertyValueSpecification","valueRequired":true,"valueName":"search_term_string"}}],"inLanguage":"fr-FR"},{"@type":"Organization","@id":"https:\/\/mccustom.fr\/#organization","name":"Mc Custom","url":"https:\/\/mccustom.fr\/","logo":{"@type":"ImageObject","inLanguage":"fr-FR","@id":"https:\/\/mccustom.fr\/#\/schema\/logo\/image\/","url":"https:\/\/mccustom.fr\/wp-content\/uploads\/2026\/02\/LOGO-21-e1771430209976.jpg","contentUrl":"https:\/\/mccustom.fr\/wp-content\/uploads\/2026\/02\/LOGO-21-e1771430209976.jpg","width":1904,"height":1613,"caption":"Mc Custom"},"image":{"@id":"https:\/\/mccustom.fr\/#\/schema\/logo\/image\/"},"sameAs":["https:\/\/www.facebook.com\/profile.php?id=100064707759336","https:\/\/www.instagram.com\/Mccust0m","https:\/\/www.tiktok.com\/@mccustom59","https:\/\/linktr.ee\/mccustom"]}]}},"_links":{"self":[{"href":"https:\/\/mccustom.fr\/index.php\/wp-json\/wp\/v2\/product\/883","targetHints":{"allow":["GET"]}}],"collection":[{"href":"https:\/\/mccustom.fr\/index.php\/wp-json\/wp\/v2\/product"}],"about":[{"href":"https:\/\/mccustom.fr\/index.php\/wp-json\/wp\/v2\/types\/product"}],"replies":[{"embeddable":true,"href":"https:\/\/mccustom.fr\/index.php\/wp-json\/wp\/v2\/comments?post=883"}],"wp:featuredmedia":[{"embeddable":true,"href":"https:\/\/mccustom.fr\/index.php\/wp-json\/wp\/v2\/media\/850"}],"wp:attachment":[{"href":"https:\/\/mccustom.fr\/index.php\/wp-json\/wp\/v2\/media?parent=883"}],"wp:term":[{"taxonomy":"product_brand","embeddable":true,"href":"https:\/\/mccustom.fr\/index.php\/wp-json\/wp\/v2\/product_brand?post=883"},{"taxonomy":"product_cat","embeddable":true,"href":"https:\/\/mccustom.fr\/index.php\/wp-json\/wp\/v2\/product_cat?post=883"},{"taxonomy":"product_tag","embeddable":true,"href":"https:\/\/mccustom.fr\/index.php\/wp-json\/wp\/v2\/product_tag?post=883"}],"curies":[{"name":"wp","href":"https:\/\/api.w.org\/{rel}","templated":true}]}}